{"id":54,"date":"2023-07-17T09:12:09","date_gmt":"2023-07-17T09:12:09","guid":{"rendered":"https:\/\/machico.cway.pt\/?page_id=54"},"modified":"2023-07-27T17:25:06","modified_gmt":"2023-07-27T17:25:06","slug":"sensor-1","status":"publish","type":"page","link":"https:\/\/machico.cway.pt\/?page_id=54","title":{"rendered":"Banda D`Al\u00e9m"},"content":{"rendered":"\n    \n    <section class=\"u-clearfix u-grey-10 u-section-2\" id=\"sec-0942\">\n      <div class=\"u-clearfix u-sheet u-sheet-1\">\n        <h5 class=\"u-text u-text-custom-color-4 u-text-1\">\n          <span style=\"font-weight: 700;\">SENSOR : <\/span>Banda D`Al\u00e9m<br>\n          <span style=\"font-weight: 700;\">LOCALIZA\u00c7\u00c3O<\/span> : Rua do Senhores do Milagres&nbsp; <br>\n          <span style=\"font-weight: 700;\">TIPO<\/span> : Video Anal\u00edtico<br>\n          <span style=\"font-weight: 700;\">DADOS :&nbsp;<\/span>\n          <span style=\"font-weight: 700;\">TOTAL DIA ANTERIOR<\/span>\n        <\/h5>\n        <div class=\"u-clearfix u-layout-wrap u-white u-layout-wrap-1\">\n          <div class=\"u-gutter-0 u-layout\">\n            <div class=\"u-layout-col\">\n              <div class=\"u-size-20\">\n                <div class=\"u-layout-row\">\n                  <div class=\"u-container-style u-layout-cell u-size-15 u-layout-cell-1\">\n                    <div class=\"u-container-layout u-container-layout-1\">\n                      <div class=\"u-clearfix u-custom-html u-custom-html-1\">\n                        <iframe loading=\"lazy\" src=\"https:\/\/iot2.cway.pt\/d-solo\/3cZI85C4z\/gerais?orgId=3&amp;refresh=2h&amp;from=now-1d\/d&amp;to=now-1d\/d&amp;panelId=33\" width=\"175\" height=\"175\" frameborder=\"0\"><\/iframe>\n                      <\/div>\n                    <\/div>\n                  <\/div>\n                  <div class=\"u-container-style u-layout-cell u-size-15 u-layout-cell-2\">\n                    <div class=\"u-container-layout u-container-layout-2\">\n                      <div class=\"u-clearfix u-custom-html u-custom-html-2\">\n                        <iframe loading=\"lazy\" src=\"https:\/\/iot2.cway.pt\/d-solo\/3cZI85C4z\/gerais?orgId=3&amp;refresh=2h&amp;from=now-1d\/d&amp;to=now-1d\/d&amp;panelId=34\" width=\"175\" height=\"175\" frameborder=\"0\"><\/iframe>\n                      <\/div>\n                    <\/div>\n                  <\/div>\n                  <div class=\"u-container-style u-layout-cell u-size-15 u-layout-cell-3\">\n                    <div class=\"u-container-layout u-container-layout-3\">\n                      <div class=\"u-clearfix u-custom-html u-custom-html-3\">\n                        <iframe loading=\"lazy\" src=\"https:\/\/iot2.cway.pt\/d-solo\/3cZI85C4z\/gerais?orgId=3&amp;refresh=2h&amp;from=now-1d\/d&amp;to=now-1d\/d&amp;panelId=35\" width=\"175\" height=\"175\" frameborder=\"0\"><\/iframe>\n                      <\/div>\n                    <\/div>\n                  <\/div>\n                  <div class=\"u-container-style u-layout-cell u-size-15 u-layout-cell-4\">\n                    <div class=\"u-container-layout u-valign-top u-container-layout-4\">\n                      <div class=\"u-clearfix u-custom-html u-custom-html-4\">\n                        <iframe loading=\"lazy\" src=\"https:\/\/iot2.cway.pt\/d-solo\/3cZI85C4z\/gerais?orgId=3&amp;refresh=2h&amp;from=now-1d\/d&amp;to=now-1d\/d&amp;panelId=36\" width=\"175\" height=\"175\" frameborder=\"0\"><\/iframe>\n                      <\/div>\n                    <\/div>\n                  <\/div>\n                <\/div>\n              <\/div>\n              <div class=\"u-size-20\">\n                <div class=\"u-layout-row\">\n                  <div class=\"u-container-style u-layout-cell u-size-15 u-layout-cell-5\">\n                    <div class=\"u-container-layout u-container-layout-5\">\n                      <div class=\"u-clearfix u-custom-html u-custom-html-5\">\n                        <iframe loading=\"lazy\" src=\"https:\/\/iot2.cway.pt\/d-solo\/3cZI85C4z\/gerais?orgId=3&amp;refresh=2h&amp;from=now-1d\/d&amp;to=now-1d\/d&amp;panelId=37\" width=\"175\" height=\"175\" frameborder=\"0\"><\/iframe>\n                      <\/div>\n                    <\/div>\n                  <\/div>\n                  <div class=\"u-container-style u-layout-cell u-size-15 u-layout-cell-6\">\n                    <div class=\"u-container-layout u-valign-top u-container-layout-6\">\n                      <div class=\"u-clearfix u-custom-html u-custom-html-6\">\n                        <iframe loading=\"lazy\" src=\"https:\/\/iot2.cway.pt\/d-solo\/3cZI85C4z\/gerais?orgId=3&amp;refresh=2h&amp;from=now-1d\/d&amp;to=now-1d\/d&amp;panelId=38\" width=\"175\" height=\"175\" frameborder=\"0\"><\/iframe>\n                      <\/div>\n                    <\/div>\n                  <\/div>\n                  <div class=\"u-container-style u-layout-cell u-size-15 u-layout-cell-7\">\n                    <div class=\"u-container-layout u-container-layout-7\">\n                      <div class=\"u-clearfix u-custom-html u-custom-html-7\">\n                        <iframe loading=\"lazy\" src=\"https:\/\/iot2.cway.pt\/d-solo\/3cZI85C4z\/gerais?orgId=3&amp;refresh=2h&amp;from=now-1d\/d&amp;to=now-1d\/d&amp;panelId=39\" width=\"175\" height=\"175\" frameborder=\"0\"><\/iframe>\n                      <\/div>\n                    <\/div>\n                  <\/div>\n                  <div class=\"u-container-style u-layout-cell u-size-15 u-layout-cell-8\">\n                    <div class=\"u-container-layout u-valign-top u-container-layout-8\">\n                      <div class=\"u-clearfix u-custom-html u-custom-html-8\">\n                        <iframe loading=\"lazy\" src=\"https:\/\/iot2.cway.pt\/d-solo\/3cZI85C4z\/gerais?orgId=3&amp;refresh=2h&amp;from=now-1d\/d&amp;to=now-1d\/d&amp;panelId=41\" width=\"175\" height=\"175\" frameborder=\"0\"><\/iframe>\n                      <\/div>\n                    <\/div>\n                  <\/div>\n                <\/div>\n              <\/div>\n              <div class=\"u-size-20\">\n                <div class=\"u-layout-row\">\n                  <div class=\"u-container-style u-layout-cell u-size-15 u-layout-cell-9\">\n                    <div class=\"u-container-layout u-container-layout-9\">\n                      <div class=\"u-clearfix u-custom-html u-custom-html-9\">\n                        <iframe loading=\"lazy\" src=\"https:\/\/iot2.cway.pt\/d-solo\/3cZI85C4z\/gerais?orgId=3&amp;refresh=2h&amp;from=now-1d\/d&amp;to=now-1d\/d&amp;panelId=40\" width=\"175\" height=\"175\" frameborder=\"0\"><\/iframe>\n                      <\/div>\n                    <\/div>\n                  <\/div>\n                  <div class=\"u-container-style u-layout-cell u-size-15 u-layout-cell-10\">\n                    <div class=\"u-container-layout u-container-layout-10\">\n                      <div class=\"u-clearfix u-custom-html u-custom-html-10\">\n                        <iframe loading=\"lazy\" src=\"https:\/\/iot2.cway.pt\/d-solo\/3cZI85C4z\/gerais?orgId=3&amp;refresh=2h&amp;from=now-1d\/d&amp;to=now-1d\/d&amp;panelId=42\" width=\"175\" height=\"175\" frameborder=\"0\"><\/iframe>\n                      <\/div>\n                    <\/div>\n                  <\/div>\n                  <div class=\"u-container-style u-layout-cell u-size-15 u-layout-cell-11\">\n                    <div class=\"u-container-layout u-valign-top u-container-layout-11\">\n                      <div class=\"u-clearfix u-custom-html u-custom-html-11\">\n                        <iframe loading=\"lazy\" src=\"https:\/\/iot2.cway.pt\/d-solo\/3cZI85C4z\/gerais?orgId=3&amp;refresh=2h&amp;from=now-1d\/d&amp;to=now-1d\/d&amp;panelId=43\" width=\"175\" height=\"175\" frameborder=\"0\"><\/iframe>\n                      <\/div>\n                    <\/div>\n                  <\/div>\n                  <div class=\"u-container-style u-layout-cell u-size-15 u-layout-cell-12\">\n                    <div class=\"u-container-layout u-valign-top u-container-layout-12\">\n                      <div class=\"u-clearfix u-custom-html u-custom-html-12\">\n                        <iframe loading=\"lazy\" src=\"https:\/\/iot2.cway.pt\/d-solo\/3cZI85C4z\/gerais?orgId=3&amp;refresh=2h&amp;from=now-1d\/d&amp;to=now-1d\/d&amp;panelId=44\" width=\"175\" height=\"175\" frameborder=\"0\"><\/iframe>\n                      <\/div>\n                    <\/div>\n                  <\/div>\n                <\/div>\n              <\/div>\n            <\/div>\n          <\/div>\n        <\/div>\n      <\/div>\n    <\/section>\n    <section class=\"u-clearfix u-custom-color-3 u-section-3\" id=\"sec-3700\">\n      <div class=\"u-clearfix u-sheet u-sheet-1\">\n        <h5 class=\"u-text u-text-custom-color-4 u-text-1\">\n          <span style=\"font-weight: 700;\">SENSOR : <\/span>Banda D`Al\u00e9m<br>\n          <span style=\"font-weight: 700;\">LOCALIZA\u00c7\u00c3O<\/span> : Rua do Senhores do Milagres&nbsp; <br>\n          <span style=\"font-weight: 700;\">TIPO<\/span> : Video Anal\u00edtico<br>\n          <span style=\"font-weight: 700;\">DADOS : VARIA\u00c7\u00c3O TOTAL ACUMULADA<\/span>\n        <\/h5>\n        <div class=\"u-clearfix u-custom-html u-custom-html-1\">\n          <iframe loading=\"lazy\" src=\"https:\/\/iot2.cway.pt\/d\/3cZI85C4z\/gerais?orgId=3&amp;viewPanel=90&amp;kiosk=tv\" width=\"950\" height=\"500\" frameborder=\"0\"><\/iframe>\n        <\/div>\n        <div class=\"u-custom-color-3 u-shape u-shape-rectangle u-shape-1\"><\/div>\n        <div class=\"u-custom-color-3 u-shape u-shape-rectangle u-shape-2\"><\/div>\n        <h5 class=\"u-text u-text-custom-color-4 u-text-2\">\n          <span style=\"font-weight: 700;\">SENSOR : <\/span>Banda D`Al\u00e9m<br>\n          <span style=\"font-weight: 700;\">LOCALIZA\u00c7\u00c3O<\/span> : Rua do Senhores do Milagres&nbsp; <br>\n          <span style=\"font-weight: 700;\">TIPO<\/span> : Video Anal\u00edtico<br>\n          <span style=\"font-weight: 700;\">DADOS : VARIA\u00c7\u00c3O TOTAL TEMPORAL&nbsp;<\/span>\n        <\/h5>\n        <div class=\"u-clearfix u-custom-html u-custom-html-2\">\n          <iframe loading=\"lazy\" src=\"https:\/\/iot2.cway.pt\/d\/3cZI85C4z\/gerais?orgId=3&amp;viewPanel=3&amp;kiosk=tv\" width=\"950\" height=\"500\" frameborder=\"0\"><\/iframe>\n        <\/div>\n        <div class=\"u-custom-color-3 u-shape u-shape-rectangle u-shape-3\"><\/div>\n        <div class=\"u-custom-color-3 u-shape u-shape-rectangle u-shape-4\"><\/div>\n        <h5 class=\"u-text u-text-custom-color-4 u-text-3\">\n          <span style=\"font-weight: 700;\">SENSOR : <\/span>Banda D`Al\u00e9m<br>\n          <span style=\"font-weight: 700;\">LOCALIZA\u00c7\u00c3O<\/span> : Rua do Senhores do Milagres&nbsp; <br>\n          <span style=\"font-weight: 700;\">TIPO<\/span> : Video Anal\u00edtico<br>\n          <span style=\"font-weight: 700;\">DADOS : VARIA\u00c7\u00c3O TOTAL HORARIA<\/span>\n        <\/h5>\n        <div class=\"u-clearfix u-custom-html u-custom-html-3\">\n          <iframe loading=\"lazy\" src=\"https:\/\/iot2.cway.pt\/d\/3cZI85C4z\/gerais?orgId=3&amp;viewPanel=10&amp;kiosk=tv\" width=\"950\" height=\"500\" frameborder=\"0\"><\/iframe>\n        <\/div>\n        <div class=\"u-custom-color-3 u-shape u-shape-rectangle u-shape-5\"><\/div>\n        <div class=\"u-custom-color-3 u-shape u-shape-rectangle u-shape-6\"><\/div>\n        <h5 class=\"u-text u-text-custom-color-4 u-text-4\">\n          <span style=\"font-weight: 700;\">SENSOR : <\/span>Banda D`Al\u00e9m<br>\n          <span style=\"font-weight: 700;\">LOCALIZA\u00c7\u00c3O<\/span> : Rua do Senhores do Milagres&nbsp; <br>\n          <span style=\"font-weight: 700;\">TIPO<\/span> : Video Anal\u00edt\u200bico<br>\n          <span style=\"font-weight: 700;\">DADOS : LISTAGEM DETALHADA<\/span>\n        <\/h5>\n        <div class=\"u-clearfix u-custom-html u-custom-html-4\">\n          <iframe loading=\"lazy\" src=\"https:\/\/iot2.cway.pt\/d\/3cZI85C4z\/gerais?orgId=3&amp;viewPanel=11&amp;kiosk=tv\" width=\"950\" height=\"500\" frameborder=\"0\"><\/iframe>\n        <\/div>\n        <div class=\"u-custom-color-3 u-shape u-shape-rectangle u-shape-7\"><\/div>\n        <div class=\"u-custom-color-3 u-shape u-shape-rectangle u-shape-8\"><\/div>\n      <\/div>\n    <\/section>\n    \n    \n    \n    \n  \n","protected":false},"excerpt":{"rendered":"<p>SENSOR : Banda D`Al\u00e9m LOCALIZA\u00c7\u00c3O : Rua do Senhores do Milagres&nbsp; TIPO : Video Anal\u00edtico DADOS :&nbsp; TOTAL DIA ANTERIOR SENSOR : Banda D`Al\u00e9m LOCALIZA\u00c7\u00c3O : Rua do Senhores do Milagres&nbsp; TIPO : Video Anal\u00edtico DADOS : VARIA\u00c7\u00c3O TOTAL ACUMULADA SENSOR : Banda D`Al\u00e9m LOCALIZA\u00c7\u00c3O : Rua do Senhores do Milagres&nbsp; TIPO : Video Anal\u00edtico &hellip; <a href=\"https:\/\/machico.cway.pt\/?page_id=54\" class=\"more-link\">Continue reading<span class=\"screen-reader-text\"> &#8220;Banda D`Al\u00e9m&#8221;<\/span><\/a><\/p>\n","protected":false},"author":1,"featured_media":0,"parent":0,"menu_order":0,"comment_status":"closed","ping_status":"closed","template":"","meta":{"footnotes":""},"class_list":["post-54","page","type-page","status-publish","hentry"],"_links":{"self":[{"href":"https:\/\/machico.cway.pt\/index.php?rest_route=\/wp\/v2\/pages\/54","targetHints":{"allow":["GET"]}}],"collection":[{"href":"https:\/\/machico.cway.pt\/index.php?rest_route=\/wp\/v2\/pages"}],"about":[{"href":"https:\/\/machico.cway.pt\/index.php?rest_route=\/wp\/v2\/types\/page"}],"author":[{"embeddable":true,"href":"https:\/\/machico.cway.pt\/index.php?rest_route=\/wp\/v2\/users\/1"}],"replies":[{"embeddable":true,"href":"https:\/\/machico.cway.pt\/index.php?rest_route=%2Fwp%2Fv2%2Fcomments&post=54"}],"version-history":[{"count":25,"href":"https:\/\/machico.cway.pt\/index.php?rest_route=\/wp\/v2\/pages\/54\/revisions"}],"predecessor-version":[{"id":202,"href":"https:\/\/machico.cway.pt\/index.php?rest_route=\/wp\/v2\/pages\/54\/revisions\/202"}],"wp:attachment":[{"href":"https:\/\/machico.cway.pt\/index.php?rest_route=%2Fwp%2Fv2%2Fmedia&parent=54"}],"curies":[{"name":"wp","href":"https:\/\/api.w.org\/{rel}","templated":true}]}}