{"id":81,"date":"2023-07-17T14:02:49","date_gmt":"2023-07-17T14:02:49","guid":{"rendered":"https:\/\/machico.cway.pt\/?page_id=81"},"modified":"2023-07-27T17:13:50","modified_gmt":"2023-07-27T17:13:50","slug":"sensor-4","status":"publish","type":"page","link":"https:\/\/machico.cway.pt\/?page_id=81","title":{"rendered":"Piscinas"},"content":{"rendered":"\n    \n    <section class=\"u-clearfix u-grey-10 u-section-2\" id=\"sec-d7dc\">\n      <div class=\"u-clearfix u-sheet u-valign-middle u-sheet-1\">\n        <h5 class=\"u-text u-text-custom-color-4 u-text-1\">\n          <span style=\"font-weight: 700;\">SENSOR : <\/span>Piscinas&nbsp;<br>\n          <span style=\"font-weight: 700;\">LOCALIZA\u00c7\u00c3O<\/span> : Rua De Manuel Passos&nbsp;<br>\n          <span style=\"font-weight: 700;\">TIPO<\/span> : Video Anal\u00edtico<br>\n          <span style=\"font-weight: 700;\">DADOS : TOTAL DIA ANTERIOR<\/span>\n        <\/h5>\n        <div class=\"u-clearfix u-layout-wrap u-white u-layout-wrap-1\">\n          <div class=\"u-gutter-0 u-layout\">\n            <div class=\"u-layout-col\">\n              <div class=\"u-size-20\">\n                <div class=\"u-layout-row\">\n                  <div class=\"u-container-style u-layout-cell u-size-15 u-layout-cell-1\">\n                    <div class=\"u-container-layout u-container-layout-1\">\n                      <div class=\"u-clearfix u-custom-html u-expanded-width u-custom-html-1\">\n                        <iframe loading=\"lazy\" src=\"https:\/\/iot2.cway.pt\/d-solo\/3cZI85C4z\/gerais?orgId=3&amp;refresh=2h&amp;from=now-1d\/d&amp;to=now-1d\/d&amp;panelId=56\" width=\"175\" height=\"175\" frameborder=\"0\"><\/iframe>\n                      <\/div>\n                    <\/div>\n                  <\/div>\n                  <div class=\"u-container-style u-layout-cell u-size-15 u-layout-cell-2\">\n                    <div class=\"u-container-layout u-valign-top u-container-layout-2\">\n                      <div class=\"u-clearfix u-custom-html u-custom-html-2\">\n                        <iframe loading=\"lazy\" src=\"https:\/\/iot2.cway.pt\/d-solo\/3cZI85C4z\/gerais?orgId=3&amp;refresh=2h&amp;from=now-1d\/d&amp;to=now-1d\/d&amp;panelId=57\" width=\"175\" height=\"175\" frameborder=\"0\"><\/iframe>\n                      <\/div>\n                    <\/div>\n                  <\/div>\n                  <div class=\"u-container-style u-layout-cell u-size-15 u-layout-cell-3\">\n                    <div class=\"u-container-layout u-valign-top u-container-layout-3\">\n                      <div class=\"u-clearfix u-custom-html u-custom-html-3\">\n                        <iframe loading=\"lazy\" src=\"https:\/\/iot2.cway.pt\/d-solo\/3cZI85C4z\/gerais?orgId=3&amp;refresh=2h&amp;from=now-1d\/d&amp;to=now-1d\/d&amp;panelId=58\" width=\"175\" height=\"175\" frameborder=\"0\"><\/iframe>\n                      <\/div>\n                    <\/div>\n                  <\/div>\n                  <div class=\"u-container-style u-layout-cell u-size-15 u-layout-cell-4\">\n                    <div class=\"u-container-layout u-container-layout-4\">\n                      <div class=\"u-clearfix u-custom-html u-expanded-width u-custom-html-4\">\n                        <iframe loading=\"lazy\" src=\"https:\/\/iot2.cway.pt\/d-solo\/3cZI85C4z\/gerais?orgId=3&amp;refresh=2h&amp;from=now-1d\/d&amp;to=now-1d\/d&amp;panelId=59\" width=\"175\" height=\"175\" frameborder=\"0\"><\/iframe>\n                      <\/div>\n                    <\/div>\n                  <\/div>\n                <\/div>\n              <\/div>\n              <div class=\"u-size-20\">\n                <div class=\"u-layout-row\">\n                  <div class=\"u-container-style u-layout-cell u-size-15 u-layout-cell-5\">\n                    <div class=\"u-container-layout u-container-layout-5\">\n                      <div class=\"u-clearfix u-custom-html u-custom-html-5\">\n                        <iframe loading=\"lazy\" src=\"https:\/\/iot2.cway.pt\/d-solo\/3cZI85C4z\/gerais?orgId=3&amp;refresh=2h&amp;from=now-1d\/d&amp;to=now-1d\/d&amp;panelId=60\" width=\"175\" height=\"175\" frameborder=\"0\"><\/iframe>\n                      <\/div>\n                    <\/div>\n                  <\/div>\n                  <div class=\"u-container-style u-layout-cell u-size-15 u-layout-cell-6\">\n                    <div class=\"u-container-layout u-container-layout-6\">\n                      <div class=\"u-clearfix u-custom-html u-expanded-width u-custom-html-6\">\n                        <iframe loading=\"lazy\" src=\"https:\/\/iot2.cway.pt\/d-solo\/3cZI85C4z\/gerais?orgId=3&amp;refresh=2h&amp;from=now-1d\/d&amp;to=now-1d\/d&amp;panelId=61\" width=\"175\" height=\"175\" frameborder=\"0\"><\/iframe>\n                      <\/div>\n                    <\/div>\n                  <\/div>\n                  <div class=\"u-container-style u-layout-cell u-size-15 u-layout-cell-7\">\n                    <div class=\"u-container-layout u-valign-top u-container-layout-7\">\n                      <div class=\"u-clearfix u-custom-html u-custom-html-7\">\n                        <iframe loading=\"lazy\" src=\"https:\/\/iot2.cway.pt\/d-solo\/3cZI85C4z\/gerais?orgId=3&amp;refresh=2h&amp;from=now-1d\/d&amp;to=now-1d\/d&amp;panelId=62\" width=\"175\" height=\"175\" frameborder=\"0\"><\/iframe>\n                      <\/div>\n                    <\/div>\n                  <\/div>\n                  <div class=\"u-container-style u-layout-cell u-size-15 u-layout-cell-8\">\n                    <div class=\"u-container-layout u-container-layout-8\">\n                      <div class=\"u-clearfix u-custom-html u-expanded-width u-custom-html-8\">\n                        <iframe loading=\"lazy\" src=\"https:\/\/iot2.cway.pt\/d-solo\/3cZI85C4z\/gerais?orgId=3&amp;refresh=2h&amp;from=now-1d\/d&amp;to=now-1d\/d&amp;panelId=63\" width=\"175\" height=\"175\" frameborder=\"0\"><\/iframe>\n                      <\/div>\n                    <\/div>\n                  <\/div>\n                <\/div>\n              <\/div>\n              <div class=\"u-size-20\">\n                <div class=\"u-layout-row\">\n                  <div class=\"u-container-style u-layout-cell u-size-15 u-layout-cell-9\">\n                    <div class=\"u-container-layout u-valign-top u-container-layout-9\">\n                      <div class=\"u-clearfix u-custom-html u-custom-html-9\">\n                        <iframe loading=\"lazy\" src=\"https:\/\/iot2.cway.pt\/d-solo\/3cZI85C4z\/gerais?orgId=3&amp;refresh=2h&amp;from=now-1d\/d&amp;to=now-1d\/d&amp;panelId=64\" width=\"175\" height=\"175\" frameborder=\"0\"><\/iframe>\n                      <\/div>\n                    <\/div>\n                  <\/div>\n                  <div class=\"u-container-style u-layout-cell u-size-15 u-layout-cell-10\">\n                    <div class=\"u-container-layout u-valign-top u-container-layout-10\">\n                      <div class=\"u-clearfix u-custom-html u-custom-html-10\">\n                        <iframe loading=\"lazy\" src=\"https:\/\/iot2.cway.pt\/d-solo\/3cZI85C4z\/gerais?orgId=3&amp;refresh=2h&amp;from=now-1d\/d&amp;to=now-1d\/d&amp;panelId=66\" width=\"175\" height=\"175\" frameborder=\"0\"><\/iframe>\n                      <\/div>\n                    <\/div>\n                  <\/div>\n                  <div class=\"u-container-style u-layout-cell u-size-15 u-layout-cell-11\">\n                    <div class=\"u-container-layout u-container-layout-11\"><\/div>\n                  <\/div>\n                  <div class=\"u-container-style u-layout-cell u-size-15 u-layout-cell-12\">\n                    <div class=\"u-container-layout u-container-layout-12\"><\/div>\n                  <\/div>\n                <\/div>\n              <\/div>\n            <\/div>\n          <\/div>\n        <\/div>\n      <\/div>\n    <\/section>\n    <section class=\"u-clearfix u-custom-color-3 u-section-3\" id=\"sec-3700\">\n      <div class=\"u-clearfix u-sheet u-sheet-1\">\n        <h5 class=\"u-text u-text-custom-color-4 u-text-1\">\n          <span style=\"font-weight: 700;\">SENSOR : <\/span>Piscinas&nbsp;<br>\n          <span style=\"font-weight: 700;\">LOCALIZA\u00c7\u00c3O<\/span> : Rua De Manuel Passos&nbsp;<br>\n          <span style=\"font-weight: 700;\">TIPO<\/span> : Video Anal\u00edtico<br>\n          <span style=\"font-weight: 700;\">DADOS : VARIA\u00c7\u00c3O TOTAL ACUMULADO<\/span>\n        <\/h5>\n        <div class=\"u-clearfix u-custom-html u-custom-html-1\">\n          <iframe loading=\"lazy\" src=\"https:\/\/iot2.cway.pt\/d\/3cZI85C4z\/gerais?orgId=3&amp;viewPanel=92&amp;kiosk=tv\" width=\"950\" height=\"500\" frameborder=\"0\"><\/iframe>\n        <\/div>\n        <div class=\"u-custom-color-3 u-shape u-shape-rectangle u-shape-1\"><\/div>\n        <div class=\"u-custom-color-3 u-shape u-shape-rectangle u-shape-2\"><\/div>\n        <h5 class=\"u-text u-text-custom-color-4 u-text-2\">\n          <span style=\"font-weight: 700;\">SENSOR : <\/span>Piscinas&nbsp;<br>\n          <span style=\"font-weight: 700;\">LOCALIZA\u00c7\u00c3O<\/span> : Rua De Manuel Passos&nbsp;<br>\n          <span style=\"font-weight: 700;\">TIPO<\/span> : Video Anal\u00edtico<br>\n          <span style=\"font-weight: 700;\">DADOS : VARIA\u00c7\u00c3O TOTAL TEMPORAL<\/span>\n        <\/h5>\n        <div class=\"u-clearfix u-custom-html u-custom-html-2\">\n          <iframe loading=\"lazy\" src=\"https:\/\/iot2.cway.pt\/d\/3cZI85C4z\/gerais?orgId=3&amp;viewPanel=6&amp;kiosk=tv\" width=\"950\" height=\"500\" frameborder=\"0\"><\/iframe>\n        <\/div>\n        <div class=\"u-custom-color-3 u-shape u-shape-rectangle u-shape-3\"><\/div>\n        <div class=\"u-custom-color-3 u-shape u-shape-rectangle u-shape-4\"><\/div>\n        <h5 class=\"u-text u-text-custom-color-4 u-text-3\">\n          <span style=\"font-weight: 700;\">SENSOR : <\/span>Piscinas&nbsp;<br>\n          <span style=\"font-weight: 700;\">LOCALIZA\u00c7\u00c3O<\/span> : Rua De Manuel Passos&nbsp;<br>\n          <span style=\"font-weight: 700;\">TIPO<\/span> : Video Anal\u00edtico<br>\n          <span style=\"font-weight: 700;\">DADOS : VARIA\u00c7\u00c3O HORARIA&nbsp;<\/span>\n        <\/h5>\n        <div class=\"u-clearfix u-custom-html u-custom-html-3\">\n          <iframe loading=\"lazy\" src=\"https:\/\/iot2.cway.pt\/d\/3cZI85C4z\/gerais?orgId=3&amp;viewPanel=16&amp;kiosk=tv\" width=\"950\" height=\"500\" frameborder=\"0\"><\/iframe>\n        <\/div>\n        <div class=\"u-custom-color-3 u-shape u-shape-rectangle u-shape-5\"><\/div>\n        <div class=\"u-custom-color-3 u-shape u-shape-rectangle u-shape-6\"><\/div>\n        <h5 class=\"u-text u-text-custom-color-4 u-text-4\">\n          <span style=\"font-weight: 700;\">SENSOR : <\/span>Piscinas&nbsp;<br>\n          <span style=\"font-weight: 700;\">LOCALIZA\u00c7\u00c3O<\/span> : Rua De Manuel Passos&nbsp;<br>\n          <span style=\"font-weight: 700;\">TIPO<\/span> : Video Anal\u00edtico<br>\n          <span style=\"font-weight: 700;\">DADOS : LISTAGEM DETALHADA<\/span>\n        <\/h5>\n        <div class=\"u-clearfix u-custom-html u-custom-html-4\">\n          <iframe loading=\"lazy\" src=\"https:\/\/iot2.cway.pt\/d\/3cZI85C4z\/gerais?orgId=3&amp;viewPanel=17&amp;kiosk=tv\" width=\"950\" height=\"500\" frameborder=\"0\"><\/iframe>\n        <\/div>\n        <div class=\"u-custom-color-3 u-shape u-shape-rectangle u-shape-7\"><\/div>\n        <div class=\"u-custom-color-3 u-shape u-shape-rectangle u-shape-8\"><\/div>\n      <\/div>\n    <\/section>\n    \n    \n    \n    \n  \n","protected":false},"excerpt":{"rendered":"<p>SENSOR : Piscinas&nbsp; LOCALIZA\u00c7\u00c3O : Rua De Manuel Passos&nbsp; TIPO : Video Anal\u00edtico DADOS : TOTAL DIA ANTERIOR SENSOR : Piscinas&nbsp; LOCALIZA\u00c7\u00c3O : Rua De Manuel Passos&nbsp; TIPO : Video Anal\u00edtico DADOS : VARIA\u00c7\u00c3O TOTAL ACUMULADO SENSOR : Piscinas&nbsp; LOCALIZA\u00c7\u00c3O : Rua De Manuel Passos&nbsp; TIPO : Video Anal\u00edtico DADOS : VARIA\u00c7\u00c3O TOTAL TEMPORAL SENSOR &hellip; <a href=\"https:\/\/machico.cway.pt\/?page_id=81\" class=\"more-link\">Continue reading<span class=\"screen-reader-text\"> &#8220;Piscinas&#8221;<\/span><\/a><\/p>\n","protected":false},"author":1,"featured_media":0,"parent":0,"menu_order":0,"comment_status":"closed","ping_status":"closed","template":"","meta":{"footnotes":""},"class_list":["post-81","page","type-page","status-publish","hentry"],"_links":{"self":[{"href":"https:\/\/machico.cway.pt\/index.php?rest_route=\/wp\/v2\/pages\/81","targetHints":{"allow":["GET"]}}],"collection":[{"href":"https:\/\/machico.cway.pt\/index.php?rest_route=\/wp\/v2\/pages"}],"about":[{"href":"https:\/\/machico.cway.pt\/index.php?rest_route=\/wp\/v2\/types\/page"}],"author":[{"embeddable":true,"href":"https:\/\/machico.cway.pt\/index.php?rest_route=\/wp\/v2\/users\/1"}],"replies":[{"embeddable":true,"href":"https:\/\/machico.cway.pt\/index.php?rest_route=%2Fwp%2Fv2%2Fcomments&post=81"}],"version-history":[{"count":10,"href":"https:\/\/machico.cway.pt\/index.php?rest_route=\/wp\/v2\/pages\/81\/revisions"}],"predecessor-version":[{"id":204,"href":"https:\/\/machico.cway.pt\/index.php?rest_route=\/wp\/v2\/pages\/81\/revisions\/204"}],"wp:attachment":[{"href":"https:\/\/machico.cway.pt\/index.php?rest_route=%2Fwp%2Fv2%2Fmedia&parent=81"}],"curies":[{"name":"wp","href":"https:\/\/api.w.org\/{rel}","templated":true}]}}